{"id":12,"date":"2013-12-01T20:13:42","date_gmt":"2013-12-01T19:13:42","guid":{"rendered":"http:\/\/poligon.tbg.net.pl\/?page_id=12"},"modified":"2015-07-26T20:08:40","modified_gmt":"2015-07-26T18:08:40","slug":"o-tbg-net","status":"publish","type":"page","link":"https:\/\/tbg.net.pl\/?page_id=12","title":{"rendered":"O Tbg-NET"},"content":{"rendered":"<p>Tbg-NET zajmuje si\u0119 obs\u0142ug\u0105 informatyczn\u0105 firm oraz wszelkimi komputerowymi, sieciowymi, internetowymi tematami w okolicach Tarnobrzega.<\/p>\n<p>Chcia\u0142bym aktywnie promowa\u0107 Internet w naszym mie\u015bcie i nasze miasto w Internecie, dlatego dla wszelkich projekt\u00f3w (komercyjnych b\u0105d\u017a nie) zwi\u0105zanych z naszym regionem (cho\u0107by osob\u0105 autora) oferuj\u0119 za darmo miejsce na serwerze na stron\u0119 WWW i konto pocztowe.<\/p>\n<p>Sieci (radio, mied\u017a, \u015bwiat\u0142o), komputery (od budowy procesora po akapity w <a href=\"http:\/\/pl.libreoffice.org\/\">LibreOffice<\/a>), programy (od vi po P\u0142atnika), j\u0119zyki programowania (od asemblera po javascript) &#8211; nie ma dla mnie problem\u00f3w nie do rozwi\u0105zania!<\/p>\n<p>Grzegorz Gw\u00f3\u017ad\u017a<\/p>\n","protected":false},"excerpt":{"rendered":"<p>Tbg-NET zajmuje si\u0119 obs\u0142ug\u0105 informatyczn\u0105 firm oraz wszelkimi komputerowymi, sieciowymi, internetowymi tematami w okolicach Tarnobrzega. Chcia\u0142bym aktywnie promowa\u0107 Internet w naszym mie\u015bcie i nasze miasto w Internecie, dlatego dla wszelkich projekt\u00f3w (komercyjnych b\u0105d\u017a nie) zwi\u0105zanych z naszym regionem (cho\u0107by osob\u0105 autora) oferuj\u0119 za darmo miejsce na serwerze na stron\u0119 WWW i konto pocztowe. Sieci (radio, <a class=\"read-more\" href=\"https:\/\/tbg.net.pl\/?page_id=12\">[&hellip;]<\/a><\/p>\n","protected":false},"author":1,"featured_media":0,"parent":0,"menu_order":0,"comment_status":"closed","ping_status":"closed","template":"","meta":{"footnotes":""},"class_list":["post-12","page","type-page","status-publish","hentry"],"_links":{"self":[{"href":"https:\/\/tbg.net.pl\/index.php?rest_route=\/wp\/v2\/pages\/12","targetHints":{"allow":["GET"]}}],"collection":[{"href":"https:\/\/tbg.net.pl\/index.php?rest_route=\/wp\/v2\/pages"}],"about":[{"href":"https:\/\/tbg.net.pl\/index.php?rest_route=\/wp\/v2\/types\/page"}],"author":[{"embeddable":true,"href":"https:\/\/tbg.net.pl\/index.php?rest_route=\/wp\/v2\/users\/1"}],"replies":[{"embeddable":true,"href":"https:\/\/tbg.net.pl\/index.php?rest_route=%2Fwp%2Fv2%2Fcomments&post=12"}],"version-history":[{"count":3,"href":"https:\/\/tbg.net.pl\/index.php?rest_route=\/wp\/v2\/pages\/12\/revisions"}],"predecessor-version":[{"id":42,"href":"https:\/\/tbg.net.pl\/index.php?rest_route=\/wp\/v2\/pages\/12\/revisions\/42"}],"wp:attachment":[{"href":"https:\/\/tbg.net.pl\/index.php?rest_route=%2Fwp%2Fv2%2Fmedia&parent=12"}],"curies":[{"name":"wp","href":"https:\/\/api.w.org\/{rel}","templated":true}]}}