{"id":32,"date":"2015-07-26T19:47:49","date_gmt":"2015-07-26T17:47:49","guid":{"rendered":"http:\/\/tbg.net.pl\/?page_id=32"},"modified":"2015-07-26T23:37:48","modified_gmt":"2015-07-26T21:37:48","slug":"strony-tbg-netu","status":"publish","type":"page","link":"https:\/\/tbg.net.pl\/?page_id=32","title":{"rendered":"Strony Tbg-NETu"},"content":{"rendered":"<p>Plac\u00f3wki o\u015bwiatowe:<br \/>\n<a href=\"http:\/\/rolnik.tbg.net.pl\" target=\"_blank\">Zesp\u00f3\u0142 Szk\u00f3\u0142 Ponadgimnazjalnych nr 2<\/a><br \/>\n<a href=\"http:\/\/gornik.tbg.net.pl\" target=\"_blank\">Zesp\u00f3\u0142 Szk\u00f3\u0142 im. ks. S. Staszica &#8222;G\u00f3rnik&#8221;<\/a><br \/>\n<a href=\"http:\/\/szkola.tbg.net.pl\" target=\"_blank\">Zesp\u00f3\u0142 Szk\u00f3\u0142 Spo\u0142ecznych nr 2<\/a><br \/>\n<a href=\"http:\/\/sp4.tbg.net.pl\" target=\"_blank\">Szko\u0142a Podstawowa nr 4<\/a><br \/>\n<a href=\"http:\/\/sp6.tbg.net.pl\" target=\"_blank\">Szko\u0142a Podstawowa nr 6<\/a><br \/>\n<a href=\"http:\/\/sp7.tbg.net.pl\" target=\"_blank\">Szko\u0142a Podstawowa nr 7<\/a><br \/>\n<a href=\"http:\/\/sp9.tbg.net.pl\" target=\"_blank\">Szko\u0142a Podstawowa nr 9<\/a><br \/>\n<a href=\"http:\/\/dwojka.tbg.net.pl\" target=\"_blank\">Gimnazjum nr 2<\/a><br \/>\n<a href=\"http:\/\/gim3.tbg.net.pl\" target=\"_blank\">Gimnazjum nr 3<\/a><br \/>\n<a href=\"http:\/\/katoliksp.tbg.net.pl\" target=\"_blank\">Publiczna Katolicka Szko\u0142a Podstawowa im. \u015bw. Jana Paw\u0142a II<\/a><br \/>\n<a href=\"http:\/\/nazaret.tbg.net.pl\" target=\"_blank\">Niepubliczny \u017c\u0142obek &#8222;Nazaret&#8221;<\/a><br \/>\n<a href=\"http:\/\/ochronka.tbg.net.pl\" target=\"_blank\">Katolickie przedszkole im. \u015bw. J\u00f3zefa<\/a><br \/>\n<a href=\"http:\/\/przedszkole4.tbg.net.pl\" target=\"_blank\">Przedszkole nr 4<\/a><br \/>\n<a href=\"http:\/\/przedszkole5.tbg.net.pl\" target=\"_blank\">Przedszkole nr 5<\/a><br \/>\n<a href=\"http:\/\/przedszkole6.tbg.net.pl\" target=\"_blank\">Przedszkole nr 6<\/a><br \/>\n<a href=\"http:\/\/przedszkole7.tbg.net.pl\" target=\"_blank\">Przedszkole nr 7<\/a><br \/>\n<a href=\"http:\/\/przedszkole15.tbg.net.pl\" target=\"_blank\">Przedszkole nr 15<\/a><br \/>\n<a href=\"http:\/\/ckp.tbg.net.pl\" target=\"_blank\">Centrum Kszta\u0142cenia Praktycznego<\/a><br \/>\n<a href=\"http:\/\/sigma-szkola.tbg.net.pl\" target=\"_blank\">Centrum Edukacji SIGMA<\/a><\/p>\n<p>Organizacje:<br \/>\n<a href=\"http:\/\/grom.tbg.net.pl\" target=\"_blank\">Klub Strzelecki GROM<\/a><br \/>\n<a href=\"http:\/\/strzelec.tbg.net.pl\" target=\"_blank\">Zwi\u0105zek Strzelecki STRZELEC<\/a><br \/>\n<a href=\"http:\/\/kswisan.tbg.net.pl\" target=\"_blank\">Klub Sportowy Wisan Skopanie<\/a><br \/>\n<a href=\"http:\/\/siatka.tbg.net.pl\" target=\"_blank\">Tarnobrzeska Amatorka Liga Pi\u0142ki Siatkowej<\/a><br \/>\n<a href=\"http:\/\/fram.tbg.net.pl\" target=\"_blank\">Studio Ta\u0144ca i Ruchu FRAM<\/a><br \/>\n<a href=\"http:\/\/pomocrodzinie.tbg.net.pl\" target=\"_blank\">Katolickie Centrum Pomocy Rodzinie<\/a><br \/>\n<a href=\"http:\/\/przyjaciel.tbg.net.pl\" target=\"_blank\">Stowarzyszenie Na Rzecz Dzieci, M\u0142odziezy Niepe\u0142nosprawnej i Ich Rodzin &#8222;PRZYJACIEL&#8221;<\/a><br \/>\n<a href=\"http:\/\/tspir.tbg.net.pl\" target=\"_blank\">Tarnobrzeskie Stowarzyszenie Pomocy i Rozwoju<\/a><br \/>\n<a href=\"http:\/\/sitg.tbg.net.pl\" target=\"_blank\">Stowarzyszenie In\u017cynier\u00f3w Technik\u00f3w G\u00f3rnictwa<\/a><br \/>\n<a href=\"http:\/\/not.tbg.net.pl\" target=\"_blank\">NOT &#8211; Naczelna Organizacja Techniczna<\/a><br \/>\n<a href=\"http:\/\/asg.tbg.net.pl\" target=\"_blank\">Air Soft Gun<\/a><\/p>\n<p>Firmy:<br \/>\n<a href=\"http:\/\/flash-net.pl\" target=\"_blank\">Internet w zasi\u0119gu Twojej r\u0119ki &#8211; FlashNet<\/a><br \/>\n<a href=\"http:\/\/mifon.tbg.net.pl\" target=\"_blank\">MIFON Elektroniczne Systemy Zabezpiecze\u0144<\/a><br \/>\n<a href=\"http:\/\/zumantek.tbg.net.pl\" target=\"_blank\">Zak\u0142ad Us\u0142ug Motoryzacyjnych ANTEK<\/a><br \/>\n<a href=\"http:\/\/www.tarfert.pl\" target=\"_blank\">TarFert &#8211; dystrybutor nawoz\u00f3w<\/a><br \/>\n<a href=\"http:\/\/zoopsycholog.tbg.net.pl\" target=\"_blank\">Zoopsycholog<\/a><br \/>\n<a href=\"http:\/\/figaro.tbg.net.pl\" target=\"_blank\">Pizzeria Spaghetteria Figaro<\/a><br \/>\n<a href=\"http:\/\/fotomariusz.tbg.net.pl\" target=\"_blank\">Fotografia Mariusz Janik<\/a><br \/>\n<a href=\"http:\/\/fotograf.tbg.net.pl\" target=\"_blank\">Fotografia \u015blubna i okoliczno\u015bciowa Micha\u0142 Fornal<\/a><br \/>\n<a href=\"http:\/\/matar.tbg.net.pl\" target=\"_blank\">Producent kamer podwodnych MATAR<\/a><br \/>\n<a href=\"http:\/\/eldo-bud.tbg.net.pl\" target=\"_blank\">Eldo-Bud<\/a><br \/>\n<a href=\"http:\/\/maliny.tbg.net.pl\" target=\"_blank\">Plantacja malin POLANA<\/a><br \/>\n<a href=\"http:\/\/soldom.tbg.net.pl\" target=\"_blank\">Sol-Dom Us\u0142ugi Budowlane<\/a><br \/>\n<a href=\"http:\/\/sagan-stroje.tbg.net.pl\" target=\"_blank\">Wypo\u017cyczalnia stroj\u00f3w karnawa\u0142owych<\/a><br \/>\n<a href=\"http:\/\/www.speed.tbg.net.pl\" target=\"_blank\">Przew\u00f3z \u017cywno\u015bci i przesy\u0142ek<\/a><br \/>\n<a href=\"http:\/\/autobusy.tbg.net.pl\" target=\"_blank\">Przewozy autokarowe Fudalewski<\/a><br \/>\n<a href=\"http:\/\/dzwigmar.tbg.net.pl\" target=\"_blank\">D\u017awigmar<\/a><br \/>\n<a href=\"http:\/\/evolution-design.tbg.net.pl\" target=\"_blank\">Evolution Design Studio<\/a><br \/>\n<a href=\"http:\/\/ubezpieczenia.tbg.net.pl\" target=\"_blank\">Ubezpieczenia Orbisan<\/a><br \/>\n<a href=\"http:\/\/alma.tbg.net.pl\" target=\"_blank\">Alma-Tour<\/a><br \/>\n<a href=\"http:\/\/kaktusik.tbg.net.pl\" target=\"_blank\">Kwiaciarnia Kaktusik<\/a><br \/>\n<a href=\"http:\/\/bielen.tbg.net.pl\" target=\"_blank\">Mechanika Pojazdowa Roman Biele\u0144<\/a><br \/>\n<a href=\"http:\/\/masaze.tbg.net.pl\" target=\"_blank\">Masa\u017c<\/a><br \/>\n<a href=\"http:\/\/soliddach.tbg.net.pl\" target=\"_blank\">Solid Dach<\/a><\/p>\n<p>Parafie:<br \/>\n<a href=\"http:\/\/chrkrola.tbg.net.pl\" target=\"_blank\">Parafia Chrystusa Kr\u00f3la<\/a><br \/>\n<a href=\"http:\/\/lsoserbinow.tbg.net.pl\" target=\"_blank\">Liturgiczna S\u0142u\u017cba O\u0142tarza<\/a><br \/>\n<a href=\"http:\/\/parafiamilosierdzie.tbg.net.pl\" target=\"_blank\">Parafia Mi\u0142osierdzia Bo\u017cego<\/a><br \/>\n<a href=\"http:\/\/swbarbara.tbg.net.pl\" target=\"_blank\">Parafia \u015bw. Barbary<\/a><br \/>\n<a href=\"http:\/\/rycerzekolumba.tbg.net.pl\" target=\"_blank\">Rycerze Kolumba<\/a><\/p>\n<p>Projekty edukacyjne:<br \/>\n<a href=\"http:\/\/comenius.tbg.net.pl\" target=\"_blank\">Comenius Gimnazjum nr 3<\/a><br \/>\n<a href=\"http:\/\/comeniusdwojka.tbg.net.pl\" target=\"_blank\">Comenius Gimnazjum nr 2<\/a><br \/>\n<a href=\"http:\/\/fotopstryk.tbg.net.pl\" target=\"_blank\">K\u00f3\u0142ko fotograficzne uczni\u00f3w G\u00f3rnika<\/a><br \/>\n<a href=\"http:\/\/leksykonpapieski.tbg.net.pl\" target=\"_blank\">Leksykon my\u015bli pedagogicznej Jana Paw\u0142a II<\/a><\/p>\n<p>Organizacje Po\u017cytku Publicznego:<br \/>\n<a href=\"http:\/\/bankzywnosci.tbg.net.pl\" target=\"_blank\">Bank \u017bywnosci<\/a><br \/>\n<a href=\"http:\/\/cieploiserce.tbg.net.pl\" target=\"_blank\">Fundacja Ciep\u0142o i Serce<\/a><br \/>\n<a href=\"http:\/\/iwona.tbg.net.pl\" target=\"_blank\">Pom\u00f3\u017cmy Iwonie Herdzik<\/a><br \/>\n<a href=\"http:\/\/pck.tbg.net.pl\" target=\"_blank\">Polski Czerwony Krzy\u017c<\/a><\/p>\n<p>Strony prywatne:<br \/>\n<a href=\"http:\/\/motocykle.tbg.net.pl\" target=\"_blank\">Motocykle<\/a><br \/>\n<a href=\"http:\/\/gregok.tbg.net.pl\" target=\"_blank\">Grzegorz Kopa\u0144ski<\/a><br \/>\n<a href=\"http:\/\/potop.tbg.net.pl\" target=\"_blank\">Janusz Chomicki<\/a><br \/>\n<a href=\"http:\/\/elluca.tbg.net.pl\" target=\"_blank\">Elluca<\/a><br \/>\n<a href=\"http:\/\/maximus.tbg.net.pl\" target=\"_blank\">Maximus<\/a><\/p>\n","protected":false},"excerpt":{"rendered":"<p>Plac\u00f3wki o\u015bwiatowe: Zesp\u00f3\u0142 Szk\u00f3\u0142 Ponadgimnazjalnych nr 2 Zesp\u00f3\u0142 Szk\u00f3\u0142 im. ks. S. Staszica &#8222;G\u00f3rnik&#8221; Zesp\u00f3\u0142 Szk\u00f3\u0142 Spo\u0142ecznych nr 2 Szko\u0142a Podstawowa nr 4 Szko\u0142a Podstawowa nr 6 Szko\u0142a Podstawowa nr 7 Szko\u0142a Podstawowa nr 9 Gimnazjum nr 2 Gimnazjum nr 3 Publiczna Katolicka Szko\u0142a Podstawowa im. \u015bw. Jana Paw\u0142a II Niepubliczny \u017c\u0142obek &#8222;Nazaret&#8221; Katolickie przedszkole <a class=\"read-more\" href=\"https:\/\/tbg.net.pl\/?page_id=32\">[&hellip;]<\/a><\/p>\n","protected":false},"author":1,"featured_media":0,"parent":0,"menu_order":0,"comment_status":"closed","ping_status":"closed","template":"","meta":{"footnotes":""},"class_list":["post-32","page","type-page","status-publish","hentry"],"_links":{"self":[{"href":"https:\/\/tbg.net.pl\/index.php?rest_route=\/wp\/v2\/pages\/32","targetHints":{"allow":["GET"]}}],"collection":[{"href":"https:\/\/tbg.net.pl\/index.php?rest_route=\/wp\/v2\/pages"}],"about":[{"href":"https:\/\/tbg.net.pl\/index.php?rest_route=\/wp\/v2\/types\/page"}],"author":[{"embeddable":true,"href":"https:\/\/tbg.net.pl\/index.php?rest_route=\/wp\/v2\/users\/1"}],"replies":[{"embeddable":true,"href":"https:\/\/tbg.net.pl\/index.php?rest_route=%2Fwp%2Fv2%2Fcomments&post=32"}],"version-history":[{"count":12,"href":"https:\/\/tbg.net.pl\/index.php?rest_route=\/wp\/v2\/pages\/32\/revisions"}],"predecessor-version":[{"id":51,"href":"https:\/\/tbg.net.pl\/index.php?rest_route=\/wp\/v2\/pages\/32\/revisions\/51"}],"wp:attachment":[{"href":"https:\/\/tbg.net.pl\/index.php?rest_route=%2Fwp%2Fv2%2Fmedia&parent=32"}],"curies":[{"name":"wp","href":"https:\/\/api.w.org\/{rel}","templated":true}]}}