{"id":39,"date":"2015-07-26T20:03:35","date_gmt":"2015-07-26T18:03:35","guid":{"rendered":"http:\/\/tbg.net.pl\/?page_id=39"},"modified":"2020-03-07T21:31:17","modified_gmt":"2020-03-07T20:31:17","slug":"poczta","status":"publish","type":"page","link":"https:\/\/tbg.net.pl\/?page_id=39","title":{"rendered":"Poczta"},"content":{"rendered":"<p>Adresem serwera pocztowego jest: <strong>poczta.tbg.net.pl<\/strong><\/p>\n<p>W programach typu Outlook lub Thunderbird:<br \/>nazwa u\u017cytkownika: ca\u0142y adres email<br \/>Serwer poczty IMAP lub POP3: <strong>poczta.tbg.net.pl<\/strong><br \/>Serwer poczty wychodz\u0105cej SMTP: <strong>poczta.tbg.net.pl<\/strong> (zmieni\u0107 port na <strong>587<\/strong>)<br \/>bezpiecze\u0144stwo po\u0142\u0105czenia: <strong>STARTTLS<\/strong> lub <strong>SSL\/TLS<\/strong>, metoda uwierzytelniania: <strong>normalne has\u0142o<\/strong><\/p>\n<p>IMAP czy POP3?<br \/>U\u017cywaj\u0105c IMAPa poczta pozostaje ca\u0142y czas na serwerze i mo\u017cna j\u0105 czyta\u0107 z wielu urz\u0105dze\u0144 np komputer\u00f3w, telefon\u00f3w; w domu i w pracy.<br \/>U\u017cywaj\u0105c POP3 pobieramy maile na komputer i domy\u015blnie kasujemy z serwera.<\/p>\n<p>Poczta przez przegl\u0105dark\u0119 dost\u0119pna jest pod adresem:<\/p>\n<center><a title=\"https:\/\/poczta.tbg.net.pl\" href=\"https:\/\/poczta.tbg.net.pl\"><strong>https:\/\/poczta.tbg.net.pl<\/strong><\/a><\/center>\n<p>Jako login poda\u0107 ca\u0142y adres email.<\/p>\n\n\n<p><\/p>\n","protected":false},"excerpt":{"rendered":"<p>Adresem serwera pocztowego jest: poczta.tbg.net.pl W programach typu Outlook lub Thunderbird:nazwa u\u017cytkownika: ca\u0142y adres emailSerwer poczty IMAP lub POP3: poczta.tbg.net.plSerwer poczty wychodz\u0105cej SMTP: poczta.tbg.net.pl (zmieni\u0107 port na 587)bezpiecze\u0144stwo po\u0142\u0105czenia: STARTTLS lub SSL\/TLS, metoda uwierzytelniania: normalne has\u0142o IMAP czy POP3?U\u017cywaj\u0105c IMAPa poczta pozostaje ca\u0142y czas na serwerze i mo\u017cna j\u0105 czyta\u0107 z wielu urz\u0105dze\u0144 np komputer\u00f3w, <a class=\"read-more\" href=\"https:\/\/tbg.net.pl\/?page_id=39\">[&hellip;]<\/a><\/p>\n","protected":false},"author":1,"featured_media":0,"parent":0,"menu_order":0,"comment_status":"closed","ping_status":"closed","template":"","meta":{"footnotes":""},"class_list":["post-39","page","type-page","status-publish","hentry"],"_links":{"self":[{"href":"https:\/\/tbg.net.pl\/index.php?rest_route=\/wp\/v2\/pages\/39","targetHints":{"allow":["GET"]}}],"collection":[{"href":"https:\/\/tbg.net.pl\/index.php?rest_route=\/wp\/v2\/pages"}],"about":[{"href":"https:\/\/tbg.net.pl\/index.php?rest_route=\/wp\/v2\/types\/page"}],"author":[{"embeddable":true,"href":"https:\/\/tbg.net.pl\/index.php?rest_route=\/wp\/v2\/users\/1"}],"replies":[{"embeddable":true,"href":"https:\/\/tbg.net.pl\/index.php?rest_route=%2Fwp%2Fv2%2Fcomments&post=39"}],"version-history":[{"count":2,"href":"https:\/\/tbg.net.pl\/index.php?rest_route=\/wp\/v2\/pages\/39\/revisions"}],"predecessor-version":[{"id":57,"href":"https:\/\/tbg.net.pl\/index.php?rest_route=\/wp\/v2\/pages\/39\/revisions\/57"}],"wp:attachment":[{"href":"https:\/\/tbg.net.pl\/index.php?rest_route=%2Fwp%2Fv2%2Fmedia&parent=39"}],"curies":[{"name":"wp","href":"https:\/\/api.w.org\/{rel}","templated":true}]}}